{"id":61,"date":"2020-01-23T18:21:52","date_gmt":"2020-01-23T21:21:52","guid":{"rendered":"https:\/\/demosites.io\/web-agency-gb\/?page_id=61"},"modified":"2023-02-22T12:20:30","modified_gmt":"2023-02-22T15:20:30","slug":"que-son","status":"publish","type":"page","link":"https:\/\/xn--w7us17b.com\/?page_id=61","title":{"rendered":"que-son"},"content":{"rendered":"\t\t<div data-elementor-type=\"wp-page\" data-elementor-id=\"61\" class=\"elementor elementor-61\" data-elementor-post-type=\"page\">\n\t\t\t\t\t\t<section class=\"elementor-section elementor-top-section elementor-element elementor-element-2b58b73d elementor-section-height-min-height elementor-section-boxed elementor-section-height-default elementor-section-items-middle\" data-id=\"2b58b73d\" data-element_type=\"section\" data-e-type=\"section\" data-settings=\"{&quot;background_background&quot;:&quot;classic&quot;,&quot;shape_divider_bottom&quot;:&quot;arrow&quot;,&quot;shape_divider_bottom_negative&quot;:&quot;yes&quot;}\">\n\t\t\t\t\t\t\t<div class=\"elementor-background-overlay\"><\/div>\n\t\t\t\t\t\t<div class=\"elementor-shape elementor-shape-bottom\" aria-hidden=\"true\" data-negative=\"true\">\n\t\t\t<svg xmlns=\"http:\/\/www.w3.org\/2000\/svg\" viewBox=\"0 0 700 10\" preserveAspectRatio=\"none\">\n\t<path class=\"elementor-shape-fill\" d=\"M360 0L350 9.9 340 0 0 0 0 10 700 10 700 0\"\/>\n<\/svg>\t\t<\/div>\n\t\t\t\t\t<div class=\"elementor-container elementor-column-gap-default\">\n\t\t\t\t\t<div class=\"elementor-column elementor-col-100 elementor-top-column elementor-element elementor-element-353675ff\" data-id=\"353675ff\" data-element_type=\"column\" data-e-type=\"column\">\n\t\t\t<div class=\"elementor-widget-wrap elementor-element-populated\">\n\t\t\t\t\t\t<div class=\"elementor-element elementor-element-fc8981e elementor-widget elementor-widget-heading\" data-id=\"fc8981e\" data-element_type=\"widget\" data-e-type=\"widget\" data-widget_type=\"heading.default\">\n\t\t\t\t<div class=\"elementor-widget-container\">\n\t\t\t\t\t<h1 class=\"elementor-heading-title elementor-size-default\">\u4ec0\u9ebc\u662f\u795e\u64cd\uff1f<\/h1>\t\t\t\t<\/div>\n\t\t\t\t<\/div>\n\t\t\t\t\t<\/div>\n\t\t<\/div>\n\t\t\t\t\t<\/div>\n\t\t<\/section>\n\t\t\t\t<section class=\"elementor-section elementor-top-section elementor-element elementor-element-952e1fe elementor-section-boxed elementor-section-height-default elementor-section-height-default\" data-id=\"952e1fe\" data-element_type=\"section\" data-e-type=\"section\">\n\t\t\t\t\t\t<div class=\"elementor-container elementor-column-gap-default\">\n\t\t\t\t\t<div class=\"elementor-column elementor-col-50 elementor-top-column elementor-element elementor-element-a3b1610\" data-id=\"a3b1610\" data-element_type=\"column\" data-e-type=\"column\">\n\t\t\t<div class=\"elementor-widget-wrap elementor-element-populated\">\n\t\t\t\t\t\t<div class=\"elementor-element elementor-element-e67c17f elementor-widget elementor-widget-text-editor\" data-id=\"e67c17f\" data-element_type=\"widget\" data-e-type=\"widget\" data-widget_type=\"text-editor.default\">\n\t\t\t\t<div class=\"elementor-widget-container\">\n\t\t\t\t\t\t\t\t\t<p>\u00a0<\/p><p><span style=\"color: #000000;\"><strong>\u4ec0\u9ebc\u662f\u795e\u64cd\uff1f<\/strong><\/span><\/p><p>\u6211\u5011\u6df1\u4fe1\uff0c\u5c07\u751f\u547d\u4e2d\u7684\u6642\u9593\uff0c\u5949\u737b\u7d66\u7948\u79b1\u548c\u9000\u7701\uff0c\u662f\u975e\u5e38\u6709\u76ca\u7684\uff0c\u6240\u4ee5\u6211\u5011\u9080\u8acb\u60a8\uff0c\u6309\u7167\u8056\u4f9d\u7d0d\u7235\u7684\u65b9\u6cd5\u505a\u795e\u64cd\uff1b\u795e\u64cd\u4e0d\u50c5\u662f\u300c\u53e6\u4e00\u7a2e\u9000\u7701\u300d\uff0c\u800c\u662f\u81ea\u6210\u4e00\u683c\uff0c\u6709\u5176\u7279\u6b8a\u65b9\u6cd5\uff0c\u8d85\u7d55\u51fa\u773e\u7684\u9000\u7701\uff1b\u56e0\u6b64\u5f97\u5230\u6559\u6703\u7684\u5ee3\u6cdb\u63a8\u85a6\u3002<\/p><p>\u70ba\u628a\u795e\u64cd\u7406\u89e3\u5f97\u66f4\u900f\u6e2c\uff0c\u8acb\u770b\u4ee5\u4e0b\u4e09\u500b\u554f\u984c\u7684\u7b54\u6848\uff1a<\/p><p><strong>1.\u795e\u64cd\u662f\u8ab0\u5beb\u7684\uff1f<\/strong><\/p><p><strong>2.\u795e\u64cd\u7684\u76ee\u7684\u662f\u4ec0\u9ebc\uff1f<\/strong><\/p><p><strong>3.\u795e\u64cd\u5982\u4f55\u5f71\u97ff\u6559\u6703\u8207\u6b77\u53f2\uff1f<\/strong><\/p>\t\t\t\t\t\t\t\t<\/div>\n\t\t\t\t<\/div>\n\t\t\t\t\t<\/div>\n\t\t<\/div>\n\t\t\t\t<div class=\"elementor-column elementor-col-50 elementor-top-column elementor-element elementor-element-e43451a\" data-id=\"e43451a\" data-element_type=\"column\" data-e-type=\"column\">\n\t\t\t<div class=\"elementor-widget-wrap elementor-element-populated\">\n\t\t\t\t\t\t<div class=\"elementor-element elementor-element-9d5353b elementor-widget elementor-widget-image\" data-id=\"9d5353b\" data-element_type=\"widget\" data-e-type=\"widget\" data-widget_type=\"image.default\">\n\t\t\t\t<div class=\"elementor-widget-container\">\n\t\t\t\t\t\t\t\t\t\t\t\t\t\t\t<img data-recalc-dims=\"1\" height=\"300\" width=\"300\" decoding=\"async\" src=\"https:\/\/i0.wp.com\/spiritualexercises.online\/wp-content\/uploads\/2022\/07\/ignatius_von_-loyola-generalat_der_jesuiten_rome-_prof._ellersdorfer__xxlarge-300x300.jpg?resize=300%2C300&#038;ssl=1\" title=\"\" alt=\"\" loading=\"lazy\" \/>\t\t\t\t\t\t\t\t\t\t\t\t\t\t\t<\/div>\n\t\t\t\t<\/div>\n\t\t\t\t\t<\/div>\n\t\t<\/div>\n\t\t\t\t\t<\/div>\n\t\t<\/section>\n\t\t\t\t<section class=\"elementor-section elementor-top-section elementor-element elementor-element-8aa11f1 elementor-section-boxed elementor-section-height-default elementor-section-height-default\" data-id=\"8aa11f1\" data-element_type=\"section\" data-e-type=\"section\">\n\t\t\t\t\t\t<div class=\"elementor-container elementor-column-gap-default\">\n\t\t\t\t\t<div class=\"elementor-column elementor-col-100 elementor-top-column elementor-element elementor-element-a5dd179\" data-id=\"a5dd179\" data-element_type=\"column\" data-e-type=\"column\">\n\t\t\t<div class=\"elementor-widget-wrap elementor-element-populated\">\n\t\t\t\t\t\t<div class=\"elementor-element elementor-element-2f295cf elementor-widget elementor-widget-text-editor\" data-id=\"2f295cf\" data-element_type=\"widget\" data-e-type=\"widget\" data-widget_type=\"text-editor.default\">\n\t\t\t\t<div class=\"elementor-widget-container\">\n\t\t\t\t\t\t\t\t\t<p><strong>1.\u795e\u64cd\u7684\u4f5c\u8005\u2026\u2026<\/strong><\/p><p>\u662f\u8056\u4f9d\u7d0d\u7235\u00b7\u7f85\u8000\u62c9\uff0c\u8036\u7a4c\u6703\u6703\u7956\u3002<\/p><p>\u8056\u4f9d\u7d0d\u7235\u5728 19 \u5e74\uff081522-1541 \u5e74\uff09\u671f\u9593\uff0c\u5275\u4f5c\u4e86\u300a\u795e\u64cd\u300b\uff0c\u5f9e\u90a3\u6642\u8d77\u4fbf\u4e00\u76f4\u662f\u8056\u5316\u6559\u6703\u6210\u54e1\u7684\u6700\u6709\u529b\u65b9\u6cd5\u4e4b\u4e00\uff0c\u7121\u8ad6\u662f\u5e73\u4fe1\u5f92\u9084\u662f\u4fee\u9053\u4eba\u3002\u6559\u5b97\u78a7\u5cb3\u4e09\u4e16\u5728\u4ed6\u7684\u8072\u660e\u4e2d\uff0c\u5f88\u6e05\u695a\u5730\u8868\u9054\u9019\u4e00\u9ede\uff1a\u300c\u6211\u5011\u767c\u73fe\uff0c\u9019\u4e9b\u795e\u64cd\u5145\u6eff\u4e86\u8654\u8aa0\u548c\u795e\u8056\uff0c\u5c0d\u4fe1\u5f92\u7684\u5c6c\u9748\u5229\u76ca\u975e\u5e38\u6709\u7528\u4e14\u6709\u76ca\u2026\u2026\u6211\u5011\u771f\u8aa0\u5730\u52f8\u544a\u6240\u6709\u4eba\u548c\u6bcf\u4e00\u4f4d\u7537\u5973\u4fe1\u5f92\uff0c\u96a8\u8655\u4f7f\u7528\u5982\u6b64\u8654\u8aa0\u7684\u6307\u5c0e\u548c\u795e\u64cd\uff0c\u4e26\u63a5\u53d7\u5176\u6307\u5c0e\u3002\u300d\uff08Pastoralis Officii\u300a\u6709\u95dc\u7267\u8077\u300b31-VII-1548\uff09<\/p>\t\t\t\t\t\t\t\t<\/div>\n\t\t\t\t<\/div>\n\t\t\t\t\t<\/div>\n\t\t<\/div>\n\t\t\t\t\t<\/div>\n\t\t<\/section>\n\t\t\t\t<section class=\"elementor-section elementor-top-section elementor-element elementor-element-202f1d3 elementor-section-boxed elementor-section-height-default elementor-section-height-default\" data-id=\"202f1d3\" data-element_type=\"section\" data-e-type=\"section\">\n\t\t\t\t\t\t<div class=\"elementor-container elementor-column-gap-default\">\n\t\t\t\t\t<div class=\"elementor-column elementor-col-50 elementor-top-column elementor-element elementor-element-92dd060\" data-id=\"92dd060\" data-element_type=\"column\" data-e-type=\"column\">\n\t\t\t<div class=\"elementor-widget-wrap elementor-element-populated\">\n\t\t\t\t\t\t<div class=\"elementor-element elementor-element-4860105 elementor-widget elementor-widget-image\" data-id=\"4860105\" data-element_type=\"widget\" data-e-type=\"widget\" data-widget_type=\"image.default\">\n\t\t\t\t<div class=\"elementor-widget-container\">\n\t\t\t\t\t\t\t\t\t\t\t\t\t\t\t<img fetchpriority=\"high\" decoding=\"async\" width=\"600\" height=\"800\" src=\"https:\/\/i0.wp.com\/xn--w7us17b.com\/wp-content\/uploads\/2021\/08\/que-son.jpg?fit=600%2C800&amp;ssl=1\" class=\"attachment-large size-large wp-image-493\" alt=\"\" srcset=\"https:\/\/i0.wp.com\/xn--w7us17b.com\/wp-content\/uploads\/2021\/08\/que-son.jpg?w=600&amp;ssl=1 600w, https:\/\/i0.wp.com\/xn--w7us17b.com\/wp-content\/uploads\/2021\/08\/que-son.jpg?resize=225%2C300&amp;ssl=1 225w\" sizes=\"(max-width: 600px) 100vw, 600px\" \/>\t\t\t\t\t\t\t\t\t\t\t\t\t\t\t<\/div>\n\t\t\t\t<\/div>\n\t\t\t\t\t<\/div>\n\t\t<\/div>\n\t\t\t\t<div class=\"elementor-column elementor-col-50 elementor-top-column elementor-element elementor-element-a5ebdc2\" data-id=\"a5ebdc2\" data-element_type=\"column\" data-e-type=\"column\">\n\t\t\t<div class=\"elementor-widget-wrap elementor-element-populated\">\n\t\t\t\t\t\t<div class=\"elementor-element elementor-element-93bddcf elementor-widget elementor-widget-text-editor\" data-id=\"93bddcf\" data-element_type=\"widget\" data-e-type=\"widget\" data-widget_type=\"text-editor.default\">\n\t\t\t\t<div class=\"elementor-widget-container\">\n\t\t\t\t\t\t\t\t\t<p>\u00a0<\/p><p>\u00a0<\/p><p><strong>2.\u795e\u64cd\u8ffd\u6c42\u7684\u76ee\u7684\u2026\u2026<\/strong><\/p><p>\u53ef\u4ee5\u7528\u8056\u4f9d\u7d0d\u7235\u81ea\u5df1\u70ba\u5176\u66f8\u6240\u5beb\u7684\u6a19\u984c\u548c\u8aaa\u660e\u4f86\u7e3d\u7d50\uff1a\u300c\u795e\u64cd\u662f\u70ba\u6230\u52dd\u81ea\u5df1\uff0c\u6574\u9813\u81ea\u5df1\u7684\u751f\u547d\uff0c\u4e0d\u8b93\u4efb\u4f55\u79c1\u6b32\u504f\u60c5\u5f71\u97ff\u81ea\u5df1\u4f5c\u6c7a\u5b9a\u3002\u300d[\u795e\u64cd21]<\/p><p>\u8056\u4f9d\u7d0d\u7235\u5728\u6574\u672c\u795e\u64cd\u66f8\u4e2d\uff0c\u53ea\u5728\u63a2\u6c42\uff0c\u4eba\u5982\u4f55\u52aa\u529b\u6839\u64da\u5929\u4e3b\u7684\u8a08\u756b\u6574\u9813\u81ea\u5df1\u7684\u751f\u547d\uff0c\u4ea6\u5373\u4eba\u8981\u8ffd\u6c42\u81ea\u5df1\u7684\u8056\u5fb7\u3002\u8056\u4f9d\u7d0d\u7235\u7684\u795e\u64cd\u63d0\u4f9b\u6211\u5011\u5be6\u969b\u7684\u65b9\u6cd5\uff0c\u5e6b\u52a9\u6211\u5011\u77ad\u89e3\u5982\u4f55\u6d3b\u51fa\u8056\u5fb7\uff0c\u5230\u9054\u6700\u5b8c\u7f8e\u7684\u5883\u754c\u3002\u795e\u64cd\u6559\u6388\u7d14\u5168\u7684\u8056\u5fb7\uff0c\u53d6\u81ea\u6211\u4e3b\u8036\u7a4c\u57fa\u7763\u7684\u6559\u5c0e\u548c\u699c\u6a23\u3002<\/p><p>\u70ba\u4e86\u9054\u5230\u795e\u64cd\u6240\u8ffd\u6c42\u7684\u76ee\u7684\uff0c\u64cd\u7df4\u8005\u7684\u71b1\u8877\u59d4\u8eab\uff0c\u8207\u5e36\u9818\u8005\u5c0d\u65bc\u8056\u4f9d\u7d0d\u7235\u5728\u5176\u5c0f\u66f8\u4e2d\u6240\u5beb\u7684\u6307\u793a\u4e4b\u5fe0\u8aa0\uff0c\u4e00\u6a23\u91cd\u8981\u3002\u4fdd\u797f\u516d\u4e16\u5728\u9019\u65b9\u9762\u8aaa\uff1a\u300c\u5728\u5e36\u9818\u5e73\u4fe1\u5f92\u9000\u7701\u7684\u5404\u7a2e\u503c\u5f97\u7a31\u8b9a\u7684\u65b9\u6cd5\u4e2d\uff0c\u4ee5\u8056\u4f9d\u7d0d\u7235\u795e\u64cd\u70ba\u57fa\u790e\u7684\u65b9\u6cd5\uff0c\u81ea1548\u5e74\u6559\u5b97\u4fdd\u797f\u4e09\u4e16\u6279\u51c6\u4ee5\u4f86\uff0c\u4f7f\u7528\u5f97\u6700\u5ee3\u6cdb\u3002\u7136\u800c\uff0c\u5e36\u9818\u9000\u7701\u8005\u61c9\u8a72\u6301\u7e8c\u4e0d\u65b7\u5730\u52a0\u6df1\u7406\u89e3\u4f9d\u7d0d\u3002\u300d<\/p><p>\u300c\u4ee5\u5275\u65b0\u4f5c\u6cd5\u6de1\u5316\u795e\u64cd\u9000\u7701\u662f\u932f\u8aa4\u7684\uff0c\u9019\u5c07\u964d\u4f4e\u6b64\u975c\u9ed8\u5f0f\u9000\u7701\u7684\u6709\u6548\u6027\u3002\u90a3\u4e9b\u6d3b\u52d5\uff0c\u4f8b\u5982\u5718\u9ad4\u52d5\u529b\u3001\u4fe1\u4ef0\u5206\u4eab\u548c\u5b97\u6559\u793e\u6703\u5b78\u7814\u8a0e\u6703\uff0c\u5728\u6559\u6703\u4e2d\u4f54\u6709\u4e00\u5e2d\u4e4b\u5730\uff0c\u4f46\u90a3\u5e2d\u5730\u4e26\u4e0d\u5728\u975c\u9ed8\u5f0f\u7684\u9000\u7701\u4e2d\uff1b\u5728\u9019\u88e1\uff0c\u9748\u9b42\u8207\u5929\u4e3b\u7368\u8655\uff0c\u6177\u6168\u5730\u655e\u958b \u8207\u4ed6\u76f8\u9047\uff0c\u4e26\u88ab\u5947\u5999\u7684\u52a0\u5f37\u548c\u5149\u7167\u3002\u300d\uff08\u8056\u4fdd\u797f\u516d\u4e16\uff0c\u81f4\u5eab\u6b23\u6a1e\u6a5f\u7684\u4fe1\uff0c1969 \u5e74 7 \u6708 25 \u65e5\uff09<\/p>\t\t\t\t\t\t\t\t<\/div>\n\t\t\t\t<\/div>\n\t\t\t\t\t<\/div>\n\t\t<\/div>\n\t\t\t\t\t<\/div>\n\t\t<\/section>\n\t\t\t\t<section class=\"elementor-section elementor-top-section elementor-element elementor-element-a335810 elementor-section-boxed elementor-section-height-default elementor-section-height-default\" data-id=\"a335810\" data-element_type=\"section\" data-e-type=\"section\">\n\t\t\t\t\t\t<div class=\"elementor-container elementor-column-gap-default\">\n\t\t\t\t\t<div class=\"elementor-column elementor-col-100 elementor-top-column elementor-element elementor-element-d276c2d\" data-id=\"d276c2d\" data-element_type=\"column\" data-e-type=\"column\">\n\t\t\t<div class=\"elementor-widget-wrap elementor-element-populated\">\n\t\t\t\t\t\t<div class=\"elementor-element elementor-element-d16220d elementor-widget elementor-widget-text-editor\" data-id=\"d16220d\" data-element_type=\"widget\" data-e-type=\"widget\" data-widget_type=\"text-editor.default\">\n\t\t\t\t<div class=\"elementor-widget-container\">\n\t\t\t\t\t\t\t\t\t<p><strong>3.\u795e\u64cd\u5728\u6559\u6703\u548c\u6b77\u53f2\u4e2d\u7684\u5f71\u97ff<\/strong><\/p><p>\u795e\u64cd\u4e00\u66f8\u7684\u50b3\u64ad\uff0c\u662f\u5176\u4ed6\u514b\u4fee\u66f8\u6240\u7121\u6cd5\u8fc4\u53ca\u7684\u3002\u55ae\u7368\u51fa\u66f8\u6216\u9644\u4e0a\u8a3b\u91cb\uff0c\u51fa\u7248\u8d85\u904e4800\u6b21\uff0c\u88ab\u7ffb\u8b6f\u8d85\u904e19\u7a2e\u8a9e\u8a00\uff0c\u5305\u62ec\u963f\u8332\u7279\u514b\u8a9e\u3001\u4e39\u9ea5\u8a9e\u3001\u99ac\u9054\u52a0\u65af\u52a0\u8a9e\u3001\u6cf0\u7c73\u723e\u8a9e\u3001\u5df4\u65af\u514b\u8a9e\u7b49\u3002\u800c\u5728\u4e0a\u4e16\u7d00\uff08\u5eff\u4e16\u7d00\uff09\u4e2d\u8449\uff0c\u81f3\u5c11\u53ef\u4ee5\u8a08\u7b97\u51fa\u56db\u767e\u842c\u4efd\u526f\u672c\u3002<\/p><p>\u6559\u5b97\u8056\u82e5\u671b\u4fdd\u797f\u4e8c\u4e16\u5728\u8ac7\u5230\u795e\u64cd\u6642\u8aaa\uff1a\u300c\u6211\u5e0c\u671b\u795e\u7236\u3001\u4fee\u9053\u4eba\u548c\u5e73\u4fe1\u5f92\u7e7c\u7e8c\u5fe0\u65bc\u9019\u7a2e\u9ad4\u9a57\uff0c\u4e26\u52a0\u4ee5\u767c\u63da\uff1a\u6211\u5411\u6240\u6709\u771f\u8aa0\u5c0b\u6c42\u771f\u7406\u7684\u4eba\u767c\u51fa\u9080\u8acb\u3002\u795e\u64cd\u5b78\u6821\u5c0d\u65bc\u73fe\u4ee3\u4eba\u7684\u7f6a\u60e1\uff0c\u59cb\u7d42\u662f\u4e00\u5291\u826f\u85e5\uff0c\u73fe\u4ee3\u4eba\u88ab\u4eba\u985e\u6ec4\u6851\u7684\u65cb\u98a8\u62d6\u8457\uff0c\u6d3b\u5728\u81ea\u5df1\u4e4b\u5916\uff0c\u904e\u5ea6\u53d7\u5916\u7269\u5438\u5f15\uff1b\u4f46\u9858\u795e\u64cd\u6210\u70ba\u935b\u9020\u65b0\u4eba\u3001\u935b\u9020\u6b63\u5b97\u57fa\u7763\u5f92\u3001\u935b\u9020\u5fe0\u8aa0\u7684\u4f7f\u5f92\u3002\u6211\u5c07\u9019\u9858\u671b\u59d4\u8a17\u8056\u6bcd\u4ee3\u79b1\uff0c\u5979\u662f\u5353\u8d8a\u7684\u9ed8\u89c0\u8005\uff0c\u795e\u64cd\u7684\u660e\u667a\u8001\u5e2b\u3002\u300d\uff081979 \u5e74 12 \u6708 16 \u65e5\uff0c\u4e09\u9418\u7d93\uff09<\/p><table width=\"280\" cellspacing=\"0\" cellpadding=\"7\"><tbody><tr valign=\"top\"><td bgcolor=\"#2f5496\" width=\"57\"><p style=\"text-align: center;\" align=\"justify\"><span style=\"font-family: \u65b0\u7d30\u660e\u9ad4; color: #000000;\"><span lang=\"en-US\"><span lang=\"zh-TW\"><b>\u4f5c\u8005<\/b><\/span><\/span><\/span><\/p><\/td><td bgcolor=\"#2f5496\" width=\"90\"><p style=\"text-align: center;\" align=\"justify\"><span style=\"font-family: \u65b0\u7d30\u660e\u9ad4; color: #000000;\"><span lang=\"en-US\"><span lang=\"zh-TW\"><b>\u76ee\u7684<\/b><\/span><\/span><\/span><\/p><\/td><td bgcolor=\"#2f5496\" width=\"89\"><p style=\"text-align: center;\" align=\"justify\"><span style=\"font-family: \u65b0\u7d30\u660e\u9ad4; color: #000000;\"><span lang=\"en-US\"><span lang=\"zh-TW\"><b>\u5f71\u97ff<\/b><\/span><\/span><\/span><\/p><\/td><\/tr><tr valign=\"top\"><td width=\"57\"><p style=\"text-align: center;\" align=\"justify\"><span style=\"font-family: \u65b0\u7d30\u660e\u9ad4;\"><span lang=\"en-US\"><span lang=\"zh-TW\">\u8056\u4f9d\u7d0d\u7235<\/span><\/span><\/span><span style=\"font-family: \u65b0\u7d30\u660e\u9ad4, serif;\">\u00b7<\/span><span style=\"font-family: \u65b0\u7d30\u660e\u9ad4;\"><span lang=\"en-US\"><span lang=\"zh-TW\">\u7f85\u8000\u62c9<\/span><\/span><\/span><\/p><\/td><td style=\"text-align: center;\" width=\"90\"><p align=\"justify\"><span style=\"font-family: \u65b0\u7d30\u660e\u9ad4;\"><span lang=\"en-US\"><span lang=\"zh-TW\">\u5c0b\u627e\u548c\u767c\u73fe\u5929\u4e3b\u5c0d\u6211\u751f\u547d\u7684\u65e8\u610f\uff1a\u6210\u8056<\/span><\/span><\/span><\/p><\/td><td width=\"89\"><p style=\"text-align: center;\" align=\"justify\"><span style=\"font-family: \u65b0\u7d30\u660e\u9ad4;\"><span lang=\"en-US\"><span lang=\"zh-TW\">\u4f7f\u6211\u6574\u9813\u751f\u547d\uff0c\u8a8d\u51fa\u4e26\u9a45\u9664\u300c\u79c1\u617e\u904d\u60c5\u300d<\/span><\/span><\/span><\/p><\/td><\/tr><\/tbody><\/table><p>\u00a0<\/p><p><strong>\u8a3b\u89e3\uff1a<\/strong><\/p><p>[1] P. Leonardo Castellani, Homil\u00eda de la fiesta de San Ignacio (31 de julio)<\/p><p>[2] Sumario n.23, Monumenta Hist\u00f3rica S.I., Fontes narr. I p. 163. Las mismas palabras \u201chaber ense\u00f1ado Dios\u201d us\u00f3 el P. Ribadeneira en Madrid en 1595 (MHSI, Script. I 159)<\/p><p>[3] Autobiograf\u00eda n.27; MHSI Fontes narr. I p.400.<\/p><p>[4] Casanovas, Comentario y Explanaci\u00f3n de los Ejercicios., vol.1 p. 29.35<\/p><p>[5] \u201cTodos los fieles cristianos, por tanto, est\u00e1n invitados y obligados a procurar conseguir la santidad y perfecci\u00f3n de su propio estado\u201d CVII, Constituci\u00f3n dogm\u00e1tica sobre la Iglesia \u201cLumen Gentium\u201dn.42<\/p><p>[6] Pablo VI, Carta al Card. Cushing, 25 de julio de 1969<\/p><p>[7] Pastoralis Officii, 31 de julio de 1548<\/p><p>[8] Palabras de P\u00edo XI en la enc\u00edclica Mens nostra, 20 de diciembre de 1929. C. Mar\u00edn, Enchiridion p.461<\/p><p>[9] De Causette, M\u00e9lages oratoires I p.455 [10] Angelus del 16\/12\/1979, en L\u2019Ossevatore Romano, ed. espa\u00f1ola, 23\/12\/197<\/p>\t\t\t\t\t\t\t\t<\/div>\n\t\t\t\t<\/div>\n\t\t\t\t\t<\/div>\n\t\t<\/div>\n\t\t\t\t\t<\/div>\n\t\t<\/section>\n\t\t\t\t<\/div>\n\t\t","protected":false},"excerpt":{"rendered":"<p>\u4ec0\u9ebc\u662f\u795e\u64cd\uff1f \u00a0 \u4ec0\u9ebc\u662f\u795e\u64cd\uff1f \u6211\u5011\u6df1\u4fe1\uff0c\u5c07\u751f\u547d\u4e2d\u7684\u6642\u9593\uff0c\u5949\u737b\u7d66\u7948\u79b1\u548c\u9000\u7701\uff0c\u662f\u975e\u5e38\u6709\u76ca\u7684\uff0c\u6240\u4ee5\u6211\u5011\u9080\u8acb\u60a8\uff0c\u6309\u7167\u8056\u4f9d\u7d0d\u7235\u7684\u65b9\u6cd5\u505a\u795e\u64cd\uff1b\u795e\u64cd\u4e0d\u50c5\u662f\u300c\u53e6\u4e00\u7a2e\u9000\u7701\u300d\uff0c\u800c\u662f\u81ea\u6210\u4e00\u683c\uff0c\u6709\u5176\u7279\u6b8a\u65b9\u6cd5\uff0c\u8d85\u7d55\u51fa\u773e\u7684\u9000\u7701\uff1b\u56e0\u6b64\u5f97\u5230\u6559\u6703\u7684\u5ee3\u6cdb\u63a8\u85a6\u3002 \u70ba\u628a\u795e\u64cd\u7406\u89e3\u5f97\u66f4\u900f\u6e2c\uff0c\u8acb\u770b\u4ee5\u4e0b\u4e09\u500b\u554f\u984c\u7684\u7b54\u6848\uff1a 1.\u795e\u64cd\u662f\u8ab0\u5beb\u7684\uff1f 2.\u795e\u64cd\u7684\u76ee\u7684\u662f\u4ec0\u9ebc\uff1f 3.\u795e\u64cd\u5982\u4f55\u5f71\u97ff\u6559\u6703\u8207\u6b77\u53f2\uff1f 1.\u795e\u64cd\u7684\u4f5c\u8005\u2026\u2026 \u662f\u8056\u4f9d\u7d0d\u7235\u00b7\u7f85\u8000\u62c9\uff0c\u8036\u7a4c\u6703\u6703\u7956\u3002 \u8056\u4f9d\u7d0d\u7235\u5728 19 \u5e74\uff081522-1541 \u5e74\uff09\u671f\u9593\uff0c\u5275\u4f5c\u4e86\u300a\u795e\u64cd\u300b\uff0c\u5f9e\u90a3\u6642\u8d77\u4fbf\u4e00\u76f4\u662f\u8056\u5316\u6559\u6703\u6210\u54e1\u7684\u6700\u6709\u529b\u65b9\u6cd5\u4e4b\u4e00\uff0c\u7121\u8ad6\u662f\u5e73\u4fe1\u5f92\u9084\u662f\u4fee\u9053\u4eba\u3002\u6559\u5b97\u78a7\u5cb3\u4e09\u4e16\u5728\u4ed6\u7684\u8072\u660e\u4e2d\uff0c\u5f88\u6e05\u695a\u5730\u8868\u9054\u9019\u4e00\u9ede\uff1a\u300c\u6211\u5011\u767c\u73fe\uff0c\u9019\u4e9b\u795e\u64cd\u5145\u6eff\u4e86\u8654\u8aa0\u548c\u795e\u8056\uff0c\u5c0d\u4fe1\u5f92\u7684\u5c6c\u9748\u5229\u76ca\u975e\u5e38\u6709\u7528\u4e14\u6709\u76ca\u2026\u2026\u6211\u5011\u771f\u8aa0\u5730\u52f8\u544a\u6240\u6709\u4eba\u548c\u6bcf\u4e00\u4f4d\u7537\u5973\u4fe1\u5f92\uff0c\u96a8\u8655\u4f7f\u7528\u5982\u6b64\u8654\u8aa0\u7684\u6307\u5c0e\u548c\u795e\u64cd\uff0c\u4e26\u63a5\u53d7\u5176\u6307\u5c0e\u3002\u300d\uff08Pastoralis Officii\u300a\u6709\u95dc\u7267\u8077\u300b31-VII-1548\uff09 \u00a0 \u00a0 2.\u795e\u64cd\u8ffd\u6c42\u7684\u76ee\u7684\u2026\u2026 \u53ef\u4ee5\u7528\u8056\u4f9d\u7d0d\u7235\u81ea\u5df1\u70ba\u5176\u66f8\u6240\u5beb\u7684\u6a19\u984c\u548c\u8aaa\u660e\u4f86\u7e3d\u7d50\uff1a\u300c\u795e\u64cd\u662f\u70ba\u6230\u52dd\u81ea\u5df1\uff0c\u6574\u9813\u81ea\u5df1\u7684\u751f\u547d\uff0c\u4e0d\u8b93\u4efb\u4f55\u79c1\u6b32\u504f\u60c5\u5f71\u97ff\u81ea\u5df1\u4f5c\u6c7a\u5b9a\u3002\u300d[\u795e\u64cd21] \u8056\u4f9d\u7d0d\u7235\u5728\u6574\u672c\u795e\u64cd\u66f8\u4e2d\uff0c\u53ea\u5728\u63a2\u6c42\uff0c\u4eba\u5982\u4f55\u52aa\u529b\u6839\u64da\u5929\u4e3b\u7684\u8a08\u756b\u6574\u9813\u81ea\u5df1\u7684\u751f\u547d\uff0c\u4ea6\u5373\u4eba\u8981\u8ffd\u6c42\u81ea\u5df1\u7684\u8056\u5fb7\u3002\u8056\u4f9d\u7d0d\u7235\u7684\u795e\u64cd\u63d0\u4f9b\u6211\u5011\u5be6\u969b\u7684\u65b9\u6cd5\uff0c\u5e6b\u52a9\u6211\u5011\u77ad\u89e3\u5982\u4f55\u6d3b\u51fa\u8056\u5fb7\uff0c\u5230\u9054\u6700\u5b8c\u7f8e\u7684\u5883\u754c\u3002\u795e\u64cd\u6559\u6388\u7d14\u5168\u7684\u8056\u5fb7\uff0c\u53d6\u81ea\u6211\u4e3b\u8036\u7a4c\u57fa\u7763\u7684\u6559\u5c0e\u548c\u699c\u6a23\u3002 \u70ba\u4e86\u9054\u5230\u795e\u64cd\u6240\u8ffd\u6c42\u7684\u76ee\u7684\uff0c\u64cd\u7df4\u8005\u7684\u71b1\u8877\u59d4\u8eab\uff0c\u8207\u5e36\u9818\u8005\u5c0d\u65bc\u8056\u4f9d\u7d0d\u7235\u5728\u5176\u5c0f\u66f8\u4e2d\u6240\u5beb\u7684\u6307\u793a\u4e4b\u5fe0\u8aa0\uff0c\u4e00\u6a23\u91cd\u8981\u3002\u4fdd\u797f\u516d\u4e16\u5728\u9019\u65b9\u9762\u8aaa\uff1a\u300c\u5728\u5e36\u9818\u5e73\u4fe1\u5f92\u9000\u7701\u7684\u5404\u7a2e\u503c\u5f97\u7a31\u8b9a\u7684\u65b9\u6cd5\u4e2d\uff0c\u4ee5\u8056\u4f9d\u7d0d\u7235\u795e\u64cd\u70ba\u57fa\u790e\u7684\u65b9\u6cd5\uff0c\u81ea1548\u5e74\u6559\u5b97\u4fdd\u797f\u4e09\u4e16\u6279\u51c6\u4ee5\u4f86\uff0c\u4f7f\u7528\u5f97\u6700\u5ee3\u6cdb\u3002\u7136\u800c\uff0c\u5e36\u9818\u9000\u7701\u8005\u61c9\u8a72\u6301\u7e8c\u4e0d\u65b7\u5730\u52a0\u6df1\u7406\u89e3\u4f9d\u7d0d\u3002\u300d \u300c\u4ee5\u5275\u65b0\u4f5c\u6cd5\u6de1\u5316\u795e\u64cd\u9000\u7701\u662f\u932f\u8aa4\u7684\uff0c\u9019\u5c07\u964d\u4f4e\u6b64\u975c\u9ed8\u5f0f\u9000\u7701\u7684\u6709\u6548\u6027\u3002\u90a3\u4e9b\u6d3b\u52d5\uff0c\u4f8b\u5982\u5718\u9ad4\u52d5\u529b\u3001\u4fe1\u4ef0\u5206\u4eab\u548c\u5b97\u6559\u793e\u6703\u5b78\u7814\u8a0e\u6703\uff0c\u5728\u6559\u6703\u4e2d\u4f54\u6709\u4e00\u5e2d\u4e4b\u5730\uff0c\u4f46\u90a3\u5e2d\u5730\u4e26\u4e0d\u5728\u975c\u9ed8\u5f0f\u7684\u9000\u7701\u4e2d\uff1b\u5728\u9019\u88e1\uff0c\u9748\u9b42\u8207\u5929\u4e3b\u7368\u8655\uff0c\u6177\u6168\u5730\u655e\u958b \u8207\u4ed6\u76f8\u9047\uff0c\u4e26\u88ab\u5947\u5999\u7684\u52a0\u5f37\u548c\u5149\u7167\u3002\u300d\uff08\u8056\u4fdd\u797f\u516d\u4e16\uff0c\u81f4\u5eab\u6b23\u6a1e\u6a5f\u7684\u4fe1\uff0c1969 \u5e74 7 \u6708 25 \u65e5\uff09 3.\u795e\u64cd\u5728\u6559\u6703\u548c\u6b77\u53f2\u4e2d\u7684\u5f71\u97ff \u795e\u64cd\u4e00\u66f8\u7684\u50b3\u64ad\uff0c\u662f\u5176\u4ed6\u514b\u4fee\u66f8\u6240\u7121\u6cd5\u8fc4\u53ca\u7684\u3002\u55ae\u7368\u51fa\u66f8\u6216\u9644\u4e0a\u8a3b\u91cb\uff0c\u51fa\u7248\u8d85\u904e4800\u6b21\uff0c\u88ab\u7ffb\u8b6f\u8d85\u904e19\u7a2e\u8a9e\u8a00\uff0c\u5305\u62ec\u963f\u8332\u7279\u514b\u8a9e\u3001\u4e39\u9ea5\u8a9e\u3001\u99ac\u9054\u52a0\u65af\u52a0\u8a9e\u3001\u6cf0\u7c73\u723e\u8a9e\u3001\u5df4\u65af\u514b\u8a9e\u7b49\u3002\u800c\u5728\u4e0a\u4e16\u7d00\uff08\u5eff\u4e16\u7d00\uff09\u4e2d\u8449\uff0c\u81f3\u5c11\u53ef\u4ee5\u8a08\u7b97\u51fa\u56db\u767e\u842c\u4efd\u526f\u672c\u3002 \u6559\u5b97\u8056\u82e5\u671b\u4fdd\u797f\u4e8c\u4e16\u5728\u8ac7\u5230\u795e\u64cd\u6642\u8aaa\uff1a\u300c\u6211\u5e0c\u671b\u795e\u7236\u3001\u4fee\u9053\u4eba\u548c\u5e73\u4fe1\u5f92\u7e7c\u7e8c\u5fe0\u65bc\u9019\u7a2e\u9ad4\u9a57\uff0c\u4e26\u52a0\u4ee5\u767c\u63da\uff1a\u6211\u5411\u6240\u6709\u771f\u8aa0\u5c0b\u6c42\u771f\u7406\u7684\u4eba\u767c\u51fa\u9080\u8acb\u3002\u795e\u64cd\u5b78\u6821\u5c0d\u65bc\u73fe\u4ee3\u4eba\u7684\u7f6a\u60e1\uff0c\u59cb\u7d42\u662f\u4e00\u5291\u826f\u85e5\uff0c\u73fe\u4ee3\u4eba\u88ab\u4eba\u985e\u6ec4\u6851\u7684\u65cb\u98a8\u62d6\u8457\uff0c\u6d3b\u5728\u81ea\u5df1\u4e4b\u5916\uff0c\u904e\u5ea6\u53d7\u5916\u7269\u5438\u5f15\uff1b\u4f46\u9858\u795e\u64cd\u6210\u70ba\u935b\u9020\u65b0\u4eba\u3001\u935b\u9020\u6b63\u5b97\u57fa\u7763\u5f92\u3001\u935b\u9020\u5fe0\u8aa0\u7684\u4f7f\u5f92\u3002\u6211\u5c07\u9019\u9858\u671b\u59d4\u8a17\u8056\u6bcd\u4ee3\u79b1\uff0c\u5979\u662f\u5353\u8d8a\u7684\u9ed8\u89c0\u8005\uff0c\u795e\u64cd\u7684\u660e\u667a\u8001\u5e2b\u3002\u300d\uff081979 \u5e74 12 \u6708 16 \u65e5\uff0c\u4e09\u9418\u7d93\uff09 \u4f5c\u8005 \u76ee\u7684 \u5f71\u97ff \u8056\u4f9d\u7d0d\u7235\u00b7\u7f85\u8000\u62c9 \u5c0b\u627e\u548c\u767c\u73fe\u5929\u4e3b\u5c0d\u6211\u751f\u547d\u7684\u65e8\u610f\uff1a\u6210\u8056 \u4f7f\u6211\u6574\u9813\u751f\u547d\uff0c\u8a8d\u51fa\u4e26\u9a45\u9664\u300c\u79c1\u617e\u904d\u60c5\u300d \u00a0 \u8a3b\u89e3\uff1a [1] P. Leonardo Castellani, Homil\u00eda de la fiesta de San Ignacio [&hellip;]<\/p>\n","protected":false},"author":1,"featured_media":0,"parent":0,"menu_order":0,"comment_status":"closed","ping_status":"closed","template":"","meta":{"footnotes":""},"class_list":["post-61","page","type-page","status-publish","hentry"],"jetpack_sharing_enabled":true,"_links":{"self":[{"href":"https:\/\/xn--w7us17b.com\/index.php?rest_route=\/wp\/v2\/pages\/61","targetHints":{"allow":["GET"]}}],"collection":[{"href":"https:\/\/xn--w7us17b.com\/index.php?rest_route=\/wp\/v2\/pages"}],"about":[{"href":"https:\/\/xn--w7us17b.com\/index.php?rest_route=\/wp\/v2\/types\/page"}],"author":[{"embeddable":true,"href":"https:\/\/xn--w7us17b.com\/index.php?rest_route=\/wp\/v2\/users\/1"}],"replies":[{"embeddable":true,"href":"https:\/\/xn--w7us17b.com\/index.php?rest_route=%2Fwp%2Fv2%2Fcomments&post=61"}],"version-history":[{"count":86,"href":"https:\/\/xn--w7us17b.com\/index.php?rest_route=\/wp\/v2\/pages\/61\/revisions"}],"predecessor-version":[{"id":965,"href":"https:\/\/xn--w7us17b.com\/index.php?rest_route=\/wp\/v2\/pages\/61\/revisions\/965"}],"wp:attachment":[{"href":"https:\/\/xn--w7us17b.com\/index.php?rest_route=%2Fwp%2Fv2%2Fmedia&parent=61"}],"curies":[{"name":"wp","href":"https:\/\/api.w.org\/{rel}","templated":true}]}}